{"id":949,"date":"2024-07-06T13:44:59","date_gmt":"2024-07-06T11:44:59","guid":{"rendered":"https:\/\/spiderwebsandfoam.com\/?page_id=949"},"modified":"2024-07-06T13:54:23","modified_gmt":"2024-07-06T11:54:23","slug":"datenschutzerklaerung","status":"publish","type":"page","link":"https:\/\/spiderwebsandfoam.com\/en\/datenschutzerklaerung\/","title":{"rendered":"Privacy Policy"},"content":{"rendered":"<p>[et_pb_section fb_built=&#8220;1&#8243; _builder_version=&#8220;4.24.2&#8243; _module_preset=&#8220;default&#8220; global_colors_info=&#8220;{}&#8220;][et_pb_row _builder_version=&#8220;4.24.2&#8243; _module_preset=&#8220;default&#8220; global_colors_info=&#8220;{}&#8220;][et_pb_column type=&#8220;4_4&#8243; _builder_version=&#8220;4.24.2&#8243; _module_preset=&#8220;default&#8220; global_colors_info=&#8220;{}&#8220;][et_pb_text _builder_version=&#8220;4.24.2&#8243; _module_preset=&#8220;default&#8220; text_font_size=&#8220;32px&#8220; header_font_size=&#8220;32px&#8220; locked=&#8220;off&#8220; global_colors_info=&#8220;{}&#8220;]<\/p>\n<h1>Privacy Policy<\/h1>\n<p>[\/et_pb_text][et_pb_text _builder_version=&#8220;4.24.2&#8243; _module_preset=&#8220;default&#8220; hover_enabled=&#8220;0&#8243; global_colors_info=&#8220;{}&#8220; sticky_enabled=&#8220;0&#8243;]<\/p>\n<ol>\n<li><b> Data protection at a glance<\/b><\/li>\n<\/ol>\n<p><b>General information<\/b><b><br \/><\/b><span style=\"font-weight: 400;\">The following information provides a simple overview of what happens to your personal data when you visit our website. Personal data is all data with which you can be personally identified. You can find detailed information on data protection in our data protection declaration below this text.<\/span><\/p>\n<p><b>Data collection on our website<\/b><\/p>\n<p><b>Who is responsible for data collection on this website?<\/b><b><br \/><\/b><span style=\"font-weight: 400;\">The data processing on this website is carried out by the website operator. You can find their contact details in the imprint of this website.<\/span><\/p>\n<p><b>How do we collect your data?<\/b><b><br \/><\/b><span style=\"font-weight: 400;\">On the one hand, your data is collected when you communicate it to us. This can, for example, be data that you enter in a contact form.<\/span><span style=\"font-weight: 400;\"><br \/><\/span><span style=\"font-weight: 400;\">Other data is automatically collected by our IT systems when you visit the website. This is primarily technical data (e.g. Internet browser, operating system or time of page access). This data is collected automatically as soon as you enter our website.<\/span><\/p>\n<p><b>What do we use your data for?<\/b><b><br \/><\/b><span style=\"font-weight: 400;\">Some of the data is collected to ensure that the website is provided without errors. Other data can be used to analyze your user behavior.<\/span><\/p>\n<p><b>What rights do you have with regard to your data?<\/b><b><br \/><\/b><span style=\"font-weight: 400;\">You have the right to obtain information about the origin, recipient and purpose of your stored personal data at any time and free of charge. You also have the right to request that this data be corrected or deleted. You can contact us at any time at the address provided in the imprint if you have any questions about this or other questions about data protection. You also have the right to lodge a complaint with the responsible supervisory authority.<\/span><\/p>\n<ol start=\"2\">\n<li><b> General information and mandatory information<\/b><\/li>\n<\/ol>\n<p><b>Privacy Policy<\/b><b><br \/><\/b><span style=\"font-weight: 400;\">The operators of these pages take the protection of your personal data very seriously. We treat your personal data confidentially and in accordance with the statutory data protection regulations and this data protection declaration.<\/span><span style=\"font-weight: 400;\"><br \/><\/span><span style=\"font-weight: 400;\">When you use this website, various personal data is collected. Personal data is data with which you can be personally identified. This data protection declaration explains which data we collect and what we use it for. It also explains how and for what purpose this happens.<\/span><span style=\"font-weight: 400;\"><br \/><\/span><span style=\"font-weight: 400;\">We would like to point out that data transmission on the Internet (e.g. when communicating by e-mail) can have security gaps. Complete protection of data against access by third parties is not possible.<\/span><\/p>\n<p><b>Note on the responsible body<\/b><b><br \/><\/b><span style=\"font-weight: 400;\">The responsible body for data processing on this website is:<\/span><span style=\"font-weight: 400;\"><br \/><\/span><span style=\"font-weight: 400;\">Spiderwebs &amp; Foam<\/span><span style=\"font-weight: 400;\"><br \/><\/span><span style=\"font-weight: 400;\">Gian Luca von Raesfeld<\/span><span style=\"font-weight: 400;\"><br \/><\/span><span style=\"font-weight: 400;\">Josefstra\u00dfe 52<\/span><span style=\"font-weight: 400;\"><br \/><\/span><span style=\"font-weight: 400;\">55118 Mainz<\/span><\/p>\n<p><a href=\"mailto:info@spiderwebsandfoam.com\"><span style=\"font-weight: 400;\">info@spiderwebsandfoam.com<\/span><\/a><\/p>\n<p><span style=\"font-weight: 400;\">015254960218<\/span><\/p>\n<p><span style=\"font-weight: 400;\">The responsible body is the natural or legal person who alone or jointly with others decides on the purposes and means of processing personal data (e.g. names, e-mail addresses, etc.).<\/span><\/p>\n<p><b>Revocation of your consent to data processing<\/b><b><br \/><\/b><span style=\"font-weight: 400;\">Many data processing operations are only possible with your express consent. You can revoke consent you have already given at any time. An informal email to us is sufficient. The legality of the data processing carried out up to the time of revocation remains unaffected by the revocation.<\/span><\/p>\n<p><b>Right to complain to the responsible supervisory authority<\/b><b><br \/><\/b><span style=\"font-weight: 400;\">In the event of violations of data protection law, the person concerned has the right to complain to the responsible supervisory authority. The responsible supervisory authority for data protection issues is the state data protection officer of the federal state in which our company is based.<\/span><\/p>\n<p><b>Right to data portability<\/b><b><br \/><\/b><span style=\"font-weight: 400;\">You have the right to have data that we process automatically on the basis of your consent or in fulfillment of a contract handed over to you or to a third party in a common, machine-readable format. If you request that the data be transferred directly to another responsible party, this will only be done if it is technically feasible.<\/span><\/p>\n<p><b>SSL or TLS encryption<\/b><b><br \/><\/b><span style=\"font-weight: 400;\">For security reasons and to protect the transmission of confidential content, such as orders or inquiries that you send to us as the website operator, this site uses SSL or TLS encryption. You can recognize an encrypted connection by the fact that the address line of the browser changes from \"http:\/\/\" to \"https:\/\/\" and by the lock symbol in your browser line.<\/span><span style=\"font-weight: 400;\"><br \/><\/span><span style=\"font-weight: 400;\">If SSL or TLS encryption is activated, the data that you send to us cannot be read by third parties.<\/span><\/p>\n<p><b>Information, deletion and correction<\/b><b><br \/><\/b><span style=\"font-weight: 400;\">Within the framework of the applicable legal provisions, you have the right at any time to obtain free information about your stored personal data, its origin and recipient and the purpose of data processing and, if applicable, a right to correction or deletion of this data. You can contact us at any time at the address provided in the imprint if you have any questions about this or other questions on the subject of personal data.<\/span><\/p>\n<p><b>Right to restriction of processing<\/b><b><br \/><\/b><span style=\"font-weight: 400;\">You have the right to request that the processing of your personal data be restricted. You can contact us at any time using the address provided in the imprint. The right to restriction of processing exists in the following cases:<\/span><\/p>\n<ul>\n<li style=\"font-weight: 400;\" aria-level=\"1\"><span style=\"font-weight: 400;\">If you dispute the accuracy of your personal data stored by us, we usually need time to check this. For the duration of the check, you have the right to request that the processing of your personal data be restricted.<\/span><\/li>\n<li style=\"font-weight: 400;\" aria-level=\"1\"><span style=\"font-weight: 400;\">If the processing of your personal data was\/is unlawful, you can request that the data processing be restricted instead of deletion.<\/span><\/li>\n<li style=\"font-weight: 400;\" aria-level=\"1\"><span style=\"font-weight: 400;\">If we no longer need your personal data, but you need it to exercise, defend or assert legal claims, you have the right to request that the processing of your personal data be restricted instead of deletion.<\/span><\/li>\n<li style=\"font-weight: 400;\" aria-level=\"1\"><span style=\"font-weight: 400;\">If you have lodged an objection in accordance with Art. 21 Para. 1 GDPR, a balance must be struck between your interests and ours. As long as it is not yet clear whose interests prevail, you have the right to request that the processing of your personal data be restricted.<\/span><span style=\"font-weight: 400;\"><br \/><\/span><span style=\"font-weight: 400;\">If you have restricted the processing of your personal data, this data - apart from its storage - may only be processed with your consent or for the assertion, exercise or defense of legal claims or to protect the rights of another natural or legal person or for reasons of important public interest of the European Union or a member state.<\/span><\/li>\n<\/ul>\n<p><b>Objection to advertising emails<\/b><b><br \/><\/b><span style=\"font-weight: 400;\">The use of contact data published as part of the imprint obligation to send unsolicited advertising and information materials is hereby objected to. The operators of the pages expressly reserve the right to take legal action in the event of unsolicited advertising information being sent, for example through spam emails.<\/span><\/p>\n<ol start=\"3\">\n<li><b> Data collection on our website<\/b><\/li>\n<\/ol>\n<p><b>Cookies<\/b><b><br \/><\/b><span style=\"font-weight: 400;\">Some of the Internet pages use so-called cookies. Cookies do not cause any damage to your computer and do not contain any viruses. Cookies are used to make our offer more user-friendly, effective and secure. Cookies are small text files that are stored on your computer and saved by your browser.<\/span><span style=\"font-weight: 400;\"><br \/><\/span><span style=\"font-weight: 400;\">Most of the cookies we use are so-called \"session cookies\". They are automatically deleted at the end of your visit. Other cookies remain stored on your device until you delete them. These cookies enable us to recognize your browser the next time you visit.<\/span><span style=\"font-weight: 400;\"><br \/><\/span><span style=\"font-weight: 400;\">You can set your browser so that you are informed about the setting of cookies and only allow cookies in individual cases, exclude the acceptance of cookies for certain cases or in general, and activate the automatic deletion of cookies when closing the browser. If cookies are deactivated, the functionality of this website may be restricted.<\/span><span style=\"font-weight: 400;\"><br \/><\/span><span style=\"font-weight: 400;\">Cookies that are required to carry out the electronic communication process or to provide certain functions you require (e.g. shopping cart function) are stored on the basis of Art. 6 Para. 1 lit. f GDPR. The website operator has a legitimate interest in storing cookies for the technically error-free and optimized provision of its services. If other cookies (e.g. cookies to analyze your surfing behavior) are stored, these are treated separately in this data protection declaration.<\/span><\/p>\n<p><b>Server log files<\/b><b><br \/><\/b><span style=\"font-weight: 400;\">The provider of the pages automatically collects and stores information in so-called server log files, which your browser automatically transmits to us. These are:<\/span><\/p>\n<ul>\n<li style=\"font-weight: 400;\" aria-level=\"1\"><span style=\"font-weight: 400;\">Browser type and browser version<\/span><\/li>\n<li style=\"font-weight: 400;\" aria-level=\"1\"><span style=\"font-weight: 400;\">Operating system used<\/span><\/li>\n<li style=\"font-weight: 400;\" aria-level=\"1\"><span style=\"font-weight: 400;\">Referrer URL<\/span><\/li>\n<li style=\"font-weight: 400;\" aria-level=\"1\"><span style=\"font-weight: 400;\">Host name of the accessing computer<\/span><\/li>\n<li style=\"font-weight: 400;\" aria-level=\"1\"><span style=\"font-weight: 400;\">Time of the server request<\/span><\/li>\n<li style=\"font-weight: 400;\" aria-level=\"1\"><span style=\"font-weight: 400;\">IP address<\/span><span style=\"font-weight: 400;\"><br \/><\/span><span style=\"font-weight: 400;\">This data will not be merged with other data sources.<\/span><\/li>\n<\/ul>\n<p>[\/et_pb_text][\/et_pb_column][\/et_pb_row][\/et_pb_section]<\/p>","protected":false},"excerpt":{"rendered":"<p>Datenschutz Datenschutz auf einen Blick Allgemeine HinweiseDie folgenden Hinweise geben einen einfachen \u00dcberblick dar\u00fcber, was mit Ihren personenbezogenen Daten passiert, wenn Sie unsere Website besuchen. Personenbezogene Daten sind alle Daten, mit denen Sie pers\u00f6nlich identifiziert werden k\u00f6nnen. Ausf\u00fchrliche Informationen zum Thema Datenschutz entnehmen Sie unserer unter diesem Text aufgef\u00fchrten Datenschutzerkl\u00e4rung. Datenerfassung auf unserer Website Wer [&hellip;]<\/p>","protected":false},"author":3,"featured_media":0,"parent":0,"menu_order":0,"comment_status":"closed","ping_status":"closed","template":"","meta":{"_et_pb_use_builder":"on","_et_pb_old_content":"","_et_gb_content_width":"","footnotes":""},"class_list":["post-949","page","type-page","status-publish","hentry"],"yoast_head":"<!-- This site is optimized with the Yoast SEO plugin v24.0 - https:\/\/yoast.com\/wordpress\/plugins\/seo\/ -->\n<title>Datenschutz | Spiderwebs &amp; Foam<\/title>\n<meta name=\"robots\" content=\"index, follow, max-snippet:-1, max-image-preview:large, max-video-preview:-1\" \/>\n<link rel=\"canonical\" href=\"https:\/\/spiderwebsandfoam.com\/en\/datenschutzerklaerung\/\" \/>\n<meta property=\"og:locale\" content=\"en_US\" \/>\n<meta property=\"og:type\" content=\"article\" \/>\n<meta property=\"og:title\" content=\"Datenschutz | Spiderwebs &amp; Foam\" \/>\n<meta property=\"og:description\" content=\"Datenschutz Datenschutz auf einen Blick Allgemeine HinweiseDie folgenden Hinweise geben einen einfachen \u00dcberblick dar\u00fcber, was mit Ihren personenbezogenen Daten passiert, wenn Sie unsere Website besuchen. Personenbezogene Daten sind alle Daten, mit denen Sie pers\u00f6nlich identifiziert werden k\u00f6nnen. Ausf\u00fchrliche Informationen zum Thema Datenschutz entnehmen Sie unserer unter diesem Text aufgef\u00fchrten Datenschutzerkl\u00e4rung. Datenerfassung auf unserer Website Wer [&hellip;]\" \/>\n<meta property=\"og:url\" content=\"https:\/\/spiderwebsandfoam.com\/en\/datenschutzerklaerung\/\" \/>\n<meta property=\"og:site_name\" content=\"Spiderwebs &amp; Foam\" \/>\n<meta property=\"article:modified_time\" content=\"2024-07-06T11:54:23+00:00\" \/>\n<meta name=\"twitter:card\" content=\"summary_large_image\" \/>\n<meta name=\"twitter:label1\" content=\"Est. reading time\" \/>\n\t<meta name=\"twitter:data1\" content=\"7 minutes\" \/>\n<script type=\"application\/ld+json\" class=\"yoast-schema-graph\">{\"@context\":\"https:\/\/schema.org\",\"@graph\":[{\"@type\":\"WebPage\",\"@id\":\"https:\/\/spiderwebsandfoam.com\/datenschutzerklaerung\/\",\"url\":\"https:\/\/spiderwebsandfoam.com\/datenschutzerklaerung\/\",\"name\":\"Datenschutz | Spiderwebs &amp; Foam\",\"isPartOf\":{\"@id\":\"https:\/\/spiderwebsandfoam.com\/#website\"},\"datePublished\":\"2024-07-06T11:44:59+00:00\",\"dateModified\":\"2024-07-06T11:54:23+00:00\",\"breadcrumb\":{\"@id\":\"https:\/\/spiderwebsandfoam.com\/datenschutzerklaerung\/#breadcrumb\"},\"inLanguage\":\"en-US\",\"potentialAction\":[{\"@type\":\"ReadAction\",\"target\":[\"https:\/\/spiderwebsandfoam.com\/datenschutzerklaerung\/\"]}]},{\"@type\":\"BreadcrumbList\",\"@id\":\"https:\/\/spiderwebsandfoam.com\/datenschutzerklaerung\/#breadcrumb\",\"itemListElement\":[{\"@type\":\"ListItem\",\"position\":1,\"name\":\"Startseite\",\"item\":\"https:\/\/spiderwebsandfoam.com\/\"},{\"@type\":\"ListItem\",\"position\":2,\"name\":\"Datenschutz\"}]},{\"@type\":\"WebSite\",\"@id\":\"https:\/\/spiderwebsandfoam.com\/#website\",\"url\":\"https:\/\/spiderwebsandfoam.com\/\",\"name\":\"Spiderwebs &amp; Foam\",\"description\":\"\",\"potentialAction\":[{\"@type\":\"SearchAction\",\"target\":{\"@type\":\"EntryPoint\",\"urlTemplate\":\"https:\/\/spiderwebsandfoam.com\/?s={search_term_string}\"},\"query-input\":{\"@type\":\"PropertyValueSpecification\",\"valueRequired\":true,\"valueName\":\"search_term_string\"}}],\"inLanguage\":\"en-US\"}]}<\/script>\n<!-- \/ Yoast SEO plugin. -->","yoast_head_json":{"title":"Datenschutz | Spiderwebs &amp; Foam","robots":{"index":"index","follow":"follow","max-snippet":"max-snippet:-1","max-image-preview":"max-image-preview:large","max-video-preview":"max-video-preview:-1"},"canonical":"https:\/\/spiderwebsandfoam.com\/en\/datenschutzerklaerung\/","og_locale":"en_US","og_type":"article","og_title":"Datenschutz | Spiderwebs &amp; Foam","og_description":"Datenschutz Datenschutz auf einen Blick Allgemeine HinweiseDie folgenden Hinweise geben einen einfachen \u00dcberblick dar\u00fcber, was mit Ihren personenbezogenen Daten passiert, wenn Sie unsere Website besuchen. Personenbezogene Daten sind alle Daten, mit denen Sie pers\u00f6nlich identifiziert werden k\u00f6nnen. Ausf\u00fchrliche Informationen zum Thema Datenschutz entnehmen Sie unserer unter diesem Text aufgef\u00fchrten Datenschutzerkl\u00e4rung. Datenerfassung auf unserer Website Wer [&hellip;]","og_url":"https:\/\/spiderwebsandfoam.com\/en\/datenschutzerklaerung\/","og_site_name":"Spiderwebs &amp; Foam","article_modified_time":"2024-07-06T11:54:23+00:00","twitter_card":"summary_large_image","twitter_misc":{"Est. reading time":"7 minutes"},"schema":{"@context":"https:\/\/schema.org","@graph":[{"@type":"WebPage","@id":"https:\/\/spiderwebsandfoam.com\/datenschutzerklaerung\/","url":"https:\/\/spiderwebsandfoam.com\/datenschutzerklaerung\/","name":"Datenschutz | Spiderwebs &amp; Foam","isPartOf":{"@id":"https:\/\/spiderwebsandfoam.com\/#website"},"datePublished":"2024-07-06T11:44:59+00:00","dateModified":"2024-07-06T11:54:23+00:00","breadcrumb":{"@id":"https:\/\/spiderwebsandfoam.com\/datenschutzerklaerung\/#breadcrumb"},"inLanguage":"en-US","potentialAction":[{"@type":"ReadAction","target":["https:\/\/spiderwebsandfoam.com\/datenschutzerklaerung\/"]}]},{"@type":"BreadcrumbList","@id":"https:\/\/spiderwebsandfoam.com\/datenschutzerklaerung\/#breadcrumb","itemListElement":[{"@type":"ListItem","position":1,"name":"Startseite","item":"https:\/\/spiderwebsandfoam.com\/"},{"@type":"ListItem","position":2,"name":"Datenschutz"}]},{"@type":"WebSite","@id":"https:\/\/spiderwebsandfoam.com\/#website","url":"https:\/\/spiderwebsandfoam.com\/","name":"Spiderwebs &amp; Foam","description":"","potentialAction":[{"@type":"SearchAction","target":{"@type":"EntryPoint","urlTemplate":"https:\/\/spiderwebsandfoam.com\/?s={search_term_string}"},"query-input":{"@type":"PropertyValueSpecification","valueRequired":true,"valueName":"search_term_string"}}],"inLanguage":"en-US"}]}},"jetpack_sharing_enabled":true,"_links":{"self":[{"href":"https:\/\/spiderwebsandfoam.com\/en\/wp-json\/wp\/v2\/pages\/949","targetHints":{"allow":["GET"]}}],"collection":[{"href":"https:\/\/spiderwebsandfoam.com\/en\/wp-json\/wp\/v2\/pages"}],"about":[{"href":"https:\/\/spiderwebsandfoam.com\/en\/wp-json\/wp\/v2\/types\/page"}],"author":[{"embeddable":true,"href":"https:\/\/spiderwebsandfoam.com\/en\/wp-json\/wp\/v2\/users\/3"}],"replies":[{"embeddable":true,"href":"https:\/\/spiderwebsandfoam.com\/en\/wp-json\/wp\/v2\/comments?post=949"}],"version-history":[{"count":7,"href":"https:\/\/spiderwebsandfoam.com\/en\/wp-json\/wp\/v2\/pages\/949\/revisions"}],"predecessor-version":[{"id":1710,"href":"https:\/\/spiderwebsandfoam.com\/en\/wp-json\/wp\/v2\/pages\/949\/revisions\/1710"}],"wp:attachment":[{"href":"https:\/\/spiderwebsandfoam.com\/en\/wp-json\/wp\/v2\/media?parent=949"}],"curies":[{"name":"wp","href":"https:\/\/api.w.org\/{rel}","templated":true}]}}