{"id":437,"date":"2024-03-22T10:07:41","date_gmt":"2024-03-22T09:07:41","guid":{"rendered":"https:\/\/spiderwebsandfoam.com\/?page_id=437"},"modified":"2025-06-01T17:18:55","modified_gmt":"2025-06-01T15:18:55","slug":"music","status":"publish","type":"page","link":"https:\/\/spiderwebsandfoam.com\/en\/music\/","title":{"rendered":"Releases"},"content":{"rendered":"<p>[et_pb_section fb_built=&#8220;1&#8243; _builder_version=&#8220;4.27.2&#8243; _module_preset=&#8220;default&#8220; locked=&#8220;off&#8220; global_colors_info=&#8220;{}&#8220;][et_pb_row _builder_version=&#8220;4.24.2&#8243; _module_preset=&#8220;default&#8220; locked=&#8220;off&#8220; global_colors_info=&#8220;{}&#8220;][et_pb_column type=&#8220;4_4&#8243; _builder_version=&#8220;4.24.2&#8243; _module_preset=&#8220;default&#8220; global_colors_info=&#8220;{}&#8220;][et_pb_text _builder_version=&#8220;4.27.4&#8243; _module_preset=&#8220;default&#8220; custom_margin=&#8220;||-2%||false|false&#8220; custom_margin_tablet=&#8220;||-9%||false|false&#8220; custom_margin_phone=&#8220;||-12%||false|false&#8220; custom_margin_last_edited=&#8220;on|phone&#8220; custom_padding=&#8220;||0px||false|false&#8220; global_colors_info=&#8220;{}&#8220;]<\/p>\n<h1>Releases<\/h1>\n<h2><em>Music &amp; Lyrics<\/em><\/h2>\n<p>&nbsp;<\/p>\n<p>Here you'll find everything about the music released by Spiderwebs &amp; Foam. You can read our lyrics, be inspired by our artworks, and enjoy our videos. You'll also find all the links to your favorite platforms. Have fun exploring the world of Foam Rock!<\/p>\n<p>[\/et_pb_text][\/et_pb_column][\/et_pb_row][et_pb_row column_structure=&#8220;1_3,1_3,1_3&#8243; _builder_version=&#8220;4.24.2&#8243; _module_preset=&#8220;default&#8220; global_colors_info=&#8220;{}&#8220;][et_pb_column type=&#8220;1_3&#8243; _builder_version=&#8220;4.27.4&#8243; _module_preset=&#8220;default&#8220; global_colors_info=&#8220;{}&#8220;][et_pb_image src=&#8220;https:\/\/spiderwebsandfoam.com\/wp-content\/uploads\/2024\/12\/SomethingSometime-scaled.jpg&#8220; title_text=&#8220;SomethingSometime&#8220; url=&#8220;\/something-sometime\/&#8220; force_fullwidth=&#8220;on&#8220; _builder_version=&#8220;4.27.4&#8243; _module_preset=&#8220;default&#8220; max_width_tablet=&#8220;100%&#8220; max_width_phone=&#8220;100%&#8220; max_width_last_edited=&#8220;on|desktop&#8220; module_alignment=&#8220;center&#8220; max_height=&#8220;50%&#8220; max_height_tablet=&#8220;1000px&#8220; max_height_phone=&#8220;100%&#8220; max_height_last_edited=&#8220;on|phone&#8220; scroll_horizontal_motion=&#8220;0|35|35|100|0.5|0|0&#8243; scroll_fade=&#8220;0|35|35|100|0|100|100&#8243; custom_css_after=&#8220;content: %22Something Sometime \u2013 2025%22;||position: absolute;||display:flex;||flex-direction:column;||justify-content:center;||left:50%;||top:50%;||transform: translate(-50%,-50%);||font-size:3em;||height:100%;||width:100%;||line-height:1.2em;||text-align:center;||color:#ffffff;||font-weight:600;||background-color:#00000070;||opacity:0;||transition-duration:.75s;||pointer-events:none;&#8220; border_width_all=&#8220;1px&#8220; border_color_all=&#8220;#B3B3B3&#8243; locked=&#8220;off&#8220; global_colors_info=&#8220;{}&#8220; custom_css_after__hover=&#8220;opacity:1;&#8220; custom_css_after__hover_enabled=&#8220;on|desktop&#8220; custom_css_after_last_edited=&#8220;on|phone&#8220; background__hover_enabled=&#8220;on|hover&#8220; custom_css_after_tablet=&#8220;content: %22Something Sometime \u2013 2025%22;||position: absolute;||display:flex;||flex-direction:column;||justify-content:center;||left:50%;||top:50%;||transform: translate(-50%,-50%);||font-size:3em;||height:100%;||width:100%;||line-height:1.2em;||text-align:center;||color:#ffffff;||font-weight:600;||background-color:#00000070;||opacity:0;||transition-duration:.75s;||pointer-events:none;&#8220; custom_css_after_phone=&#8220;content: %22Something Sometime \u2013 2025%22;||position: absolute;||display:flex;||flex-direction:column;||justify-content:center;||left:50%;||top:50%;||transform: translate(-50%,-50%);||font-size:3em;||height:100%;||width:100%;||line-height:1.2em;||text-align:center;||color:#ffffff;||font-weight:600;||background-color:#00000070;||opacity:0;||transition-duration:.75s;||pointer-events:none;&#8220;][\/et_pb_image][\/et_pb_column][et_pb_column type=&#8220;1_3&#8243; _builder_version=&#8220;4.24.2&#8243; _module_preset=&#8220;default&#8220; global_colors_info=&#8220;{}&#8220;][et_pb_image src=&#8220;http:\/\/spiderwebsandfoam.com\/wp-content\/uploads\/2024\/01\/cover_a-pigeon-in-the-cockpit-scaled-1.jpg&#8220; url=&#8220;\/a-pigeon-in-the-cockpit\/&#8220; force_fullwidth=&#8220;on&#8220; _builder_version=&#8220;4.27.4&#8243; _module_preset=&#8220;default&#8220; scroll_horizontal_motion=&#8220;0|35|35|100|0.5|0|0&#8243; scroll_fade=&#8220;0|35|35|100|0|100|100&#8243; custom_css_after=&#8220;content: %22A Pigeon in the Cockpit \u2013 2022%22;||position: absolute;||display:flex;||flex-direction:column;||justify-content:center;||left:50%;||top:50%;||transform: translate(-50%,-50%);||font-size:3em;||height:100%;||width:100%;||line-height:1.2em;||text-align:center;||color:#ffffff;||font-weight:600;||background-color:#00000070;||opacity:0;||transition-duration:.75s;||pointer-events:none;&#8220; border_width_all=&#8220;1px&#8220; border_color_all=&#8220;#b3b3b3&#8243; global_colors_info=&#8220;{}&#8220; custom_css_after__hover=&#8220;opacity:1;&#8220; custom_css_after__hover_enabled=&#8220;on|desktop&#8220; custom_css_after_last_edited=&#8220;on|desktop&#8220; background__hover_enabled=&#8220;on|desktop&#8220; custom_css_after_tablet=&#8220;content: %22A Pigeon in the Cockpit \u2013 2022%22;||position: absolute;||display:flex;||flex-direction:column;||justify-content:center;||left:50%;||top:50%;||transform: translate(-50%,-50%);||font-size:3em;||height:100%;||width:100%;||line-height:1.2em;||text-align:center;||color:#ffffff;||font-weight:600;||background-color:#00000070;||opacity:0;||transition-duration:.75s;||pointer-events:none;&#8220; custom_css_after_phone=&#8220;content: %22A Pigeon in the Cockpit \u2013 2022%22;||position: absolute;||display:flex;||flex-direction:column;||justify-content:center;||left:50%;||top:50%;||transform: translate(-50%,-50%);||font-size:3em;||height:100%;||width:100%;||line-height:1.2em;||text-align:center;||color:#ffffff;||font-weight:600;||background-color:#00000070;||opacity:0;||transition-duration:.75s;||pointer-events:none;&#8220;][\/et_pb_image][\/et_pb_column][et_pb_column type=&#8220;1_3&#8243; _builder_version=&#8220;4.24.2&#8243; _module_preset=&#8220;default&#8220; overflow-x=&#8220;hidden&#8220; overflow-y=&#8220;hidden&#8220; global_colors_info=&#8220;{}&#8220;][et_pb_image src=&#8220;http:\/\/spiderwebsandfoam.com\/wp-content\/uploads\/2024\/01\/A-Smile-in-the-Mirror-Cover-1-scaled-1.jpg&#8220; url=&#8220;\/a-smile-in-the-mirror\/&#8220; force_fullwidth=&#8220;on&#8220; _builder_version=&#8220;4.27.4&#8243; _module_preset=&#8220;default&#8220; scroll_horizontal_motion=&#8220;0|35|35|100|0.5|0|0&#8243; scroll_fade=&#8220;0|35|35|100|0|100|100&#8243; custom_css_after=&#8220;content: %22A Smile in the Mirror \u2013 2019%22;||position: absolute;||display:flex;||flex-direction:column;||justify-content:center;||left:50%;||top:50%;||transform: translate(-50%,-50%);||font-size:3em;||height:100%;||width:100%;||line-height:1.2em;||text-align:center;||color:#ffffff;||font-weight:600;||background-color:#00000070;||opacity:0;||transition-duration:.75s;||pointer-events:none;&#8220; border_width_all=&#8220;1px&#8220; border_color_all=&#8220;#b3b3b3&#8243; global_colors_info=&#8220;{}&#8220; src__hover_enabled=&#8220;on|desktop&#8220; custom_css_after__hover_enabled=&#8220;on|desktop&#8220; custom_css_after__hover=&#8220;opacity:1;&#8220; custom_css_after_last_edited=&#8220;on|phone&#8220; src__hover=&#8220;http:\/\/spiderwebsandfoam.com\/wp-content\/uploads\/2024\/01\/A-Smile-in-the-Mirror-Cover-1-scaled-1.jpg&#8220; custom_css_after_tablet=&#8220;content: %22A Smile in the Mirror \u2013 2019%22;||position: absolute;||display:flex;||flex-direction:column;||justify-content:center;||left:50%;||top:50%;||transform: translate(-50%,-50%);||font-size:3em;||height:100%;||width:100%;||line-height:1.2em;||text-align:center;||color:#ffffff;||font-weight:600;||background-color:#00000070;||opacity:0;||transition-duration:.75s;||pointer-events:none;&#8220; custom_css_after_phone=&#8220;content: %22A Smile in the Mirror \u2013 2019%22;||position: absolute;||display:flex;||flex-direction:column;||justify-content:center;||left:50%;||top:50%;||transform: translate(-50%,-50%);||font-size:3em;||height:100%;||width:100%;||line-height:1.2em;||text-align:center;||color:#ffffff;||font-weight:600;||background-color:#00000070;||opacity:0;||transition-duration:.75s;||pointer-events:none;&#8220; background__hover_enabled=&#8220;on|desktop&#8220;][\/et_pb_image][\/et_pb_column][\/et_pb_row][\/et_pb_section][et_pb_section fb_built=&#8220;1&#8243; _builder_version=&#8220;4.27.4&#8243; _module_preset=&#8220;default&#8220; background_enable_color=&#8220;off&#8220; use_background_color_gradient=&#8220;on&#8220; background_color_gradient_stops=&#8220;rgba(234,225,106,0.55) 0%|#eae16a 100%&#8220; locked=&#8220;off&#8220; global_colors_info=&#8220;{}&#8220;][et_pb_row _builder_version=&#8220;4.27.4&#8243; _module_preset=&#8220;default&#8220; global_colors_info=&#8220;{}&#8220;][et_pb_column type=&#8220;4_4&#8243; _builder_version=&#8220;4.27.4&#8243; _module_preset=&#8220;default&#8220; global_colors_info=&#8220;{}&#8220;][et_pb_text _builder_version=&#8220;4.27.4&#8243; _module_preset=&#8220;default&#8220; locked=&#8220;off&#8220; global_colors_info=&#8220;{}&#8220;]<\/p>\n<h2><em>Something Sometime<\/em><\/h2>\n<p>The Making Of the Album<\/p>\n<p>[\/et_pb_text][\/et_pb_column][\/et_pb_row][et_pb_row make_equal=&#8220;on&#8220; _builder_version=&#8220;4.27.4&#8243; _module_preset=&#8220;default&#8220; global_colors_info=&#8220;{}&#8220;][et_pb_column type=&#8220;4_4&#8243; _builder_version=&#8220;4.27.4&#8243; _module_preset=&#8220;default&#8220; global_colors_info=&#8220;{}&#8220;][et_pb_video src=&#8220;https:\/\/youtu.be\/Bug8BO5HL1Y?si=09zmGhTY58UklMBg&#8220; _builder_version=&#8220;4.27.4&#8243; _module_preset=&#8220;default&#8220; global_colors_info=&#8220;{}&#8220;][\/et_pb_video][\/et_pb_column][\/et_pb_row][et_pb_row _builder_version=&#8220;4.27.4&#8243; _module_preset=&#8220;default&#8220;][et_pb_column _builder_version=&#8220;4.27.4&#8243; _module_preset=&#8220;default&#8220; type=&#8220;4_4&#8243;][et_pb_divider _builder_version=&#8220;4.27.4&#8243; _module_preset=&#8220;default&#8220; hover_enabled=&#8220;0&#8243; sticky_enabled=&#8220;0&#8243;][\/et_pb_divider][\/et_pb_column][\/et_pb_row][et_pb_row _builder_version=&#8220;4.27.3&#8243; _module_preset=&#8220;default&#8220; scroll_horizontal_motion=&#8220;0|45|55|100|0.5|0|0&#8243; scroll_fade=&#8220;0|35|35|100|0|100|100&#8243; motion_trigger_start=&#8220;top&#8220; global_colors_info=&#8220;{}&#8220;][et_pb_column type=&#8220;4_4&#8243; _builder_version=&#8220;4.24.2&#8243; _module_preset=&#8220;default&#8220; global_colors_info=&#8220;{}&#8220;][et_pb_text _builder_version=&#8220;4.27.3&#8243; _module_preset=&#8220;default&#8220; global_colors_info=&#8220;{}&#8220;]<\/p>\n<h2><em>Autumn Session<\/em><\/h2>\n<p>Live &#038; Acoustic<\/p>\n<p>[\/et_pb_text][\/et_pb_column][\/et_pb_row][et_pb_row column_structure=&#8220;1_3,1_3,1_3&#8243; make_equal=&#8220;on&#8220; _builder_version=&#8220;4.27.4&#8243; _module_preset=&#8220;default&#8220; global_colors_info=&#8220;{}&#8220;][et_pb_column type=&#8220;1_3&#8243; _builder_version=&#8220;4.27.4&#8243; _module_preset=&#8220;default&#8220; global_colors_info=&#8220;{}&#8220;][et_pb_video src=&#8220;https:\/\/youtu.be\/yBKNrXhhQHo?si=OlmzA8dFSqrhCE3r&#8220; _builder_version=&#8220;4.27.4&#8243; _module_preset=&#8220;default&#8220; global_colors_info=&#8220;{}&#8220;][\/et_pb_video][\/et_pb_column][et_pb_column type=&#8220;1_3&#8243; module_class=&#8220;vertikal-zentrieren&#8220; _builder_version=&#8220;4.27.4&#8243; _module_preset=&#8220;default&#8220; global_colors_info=&#8220;{}&#8220;][et_pb_video src=&#8220;https:\/\/youtu.be\/cj9KCW8xXw8?si=To86ETe-gi15F8fp&#8220; _builder_version=&#8220;4.27.4&#8243; _module_preset=&#8220;default&#8220; global_colors_info=&#8220;{}&#8220;][\/et_pb_video][\/et_pb_column][et_pb_column type=&#8220;1_3&#8243; _builder_version=&#8220;4.24.2&#8243; _module_preset=&#8220;default&#8220; global_colors_info=&#8220;{}&#8220;][et_pb_video src=&#8220;https:\/\/youtu.be\/hqpOiRb692Q?si=HM7JrrAsCmX-DZ3K&#8220; _builder_version=&#8220;4.27.4&#8243; _module_preset=&#8220;default&#8220; global_colors_info=&#8220;{}&#8220;][\/et_pb_video][\/et_pb_column][\/et_pb_row][\/et_pb_section]<\/p>","protected":false},"excerpt":{"rendered":"<p>Releases Music &amp; Lyrics &nbsp; Hier erfahrt ihr alles \u00fcber die ver\u00f6ffentlichte Musik von Spiderwebs &amp; Foam. Ihr k\u00f6nnt unsere Texte mitlesen, euch von den Artworks inspieren lassen und unsere Videos genie\u00dfen. Au\u00dferdem findet ihr alle Links zu euren Lieblingsplattformen. Viel Spa\u00df bei der Erkundungstour durch die Welt des Foam Rock!Something Sometime The Making Of [&hellip;]<\/p>","protected":false},"author":2,"featured_media":0,"parent":0,"menu_order":0,"comment_status":"closed","ping_status":"closed","template":"","meta":{"_et_pb_use_builder":"on","_et_pb_old_content":"","_et_gb_content_width":"","footnotes":""},"class_list":["post-437","page","type-page","status-publish","hentry"],"yoast_head":"<!-- This site is optimized with the Yoast SEO plugin v24.0 - https:\/\/yoast.com\/wordpress\/plugins\/seo\/ -->\n<title>Releases | Spiderwebs &amp; Foam<\/title>\n<meta name=\"robots\" content=\"index, follow, max-snippet:-1, max-image-preview:large, max-video-preview:-1\" \/>\n<link rel=\"canonical\" href=\"https:\/\/spiderwebsandfoam.com\/en\/music\/\" \/>\n<meta property=\"og:locale\" content=\"en_US\" \/>\n<meta property=\"og:type\" content=\"article\" \/>\n<meta property=\"og:title\" content=\"Releases | Spiderwebs &amp; Foam\" \/>\n<meta property=\"og:description\" content=\"Releases Music &amp; Lyrics &nbsp; Hier erfahrt ihr alles \u00fcber die ver\u00f6ffentlichte Musik von Spiderwebs &amp; Foam. Ihr k\u00f6nnt unsere Texte mitlesen, euch von den Artworks inspieren lassen und unsere Videos genie\u00dfen. Au\u00dferdem findet ihr alle Links zu euren Lieblingsplattformen. Viel Spa\u00df bei der Erkundungstour durch die Welt des Foam Rock!Something Sometime The Making Of [&hellip;]\" \/>\n<meta property=\"og:url\" content=\"https:\/\/spiderwebsandfoam.com\/en\/music\/\" \/>\n<meta property=\"og:site_name\" content=\"Spiderwebs &amp; Foam\" \/>\n<meta property=\"article:modified_time\" content=\"2025-06-01T15:18:55+00:00\" \/>\n<meta name=\"twitter:card\" content=\"summary_large_image\" \/>\n<meta name=\"twitter:label1\" content=\"Est. reading time\" \/>\n\t<meta name=\"twitter:data1\" content=\"1 minute\" \/>\n<script type=\"application\/ld+json\" class=\"yoast-schema-graph\">{\"@context\":\"https:\/\/schema.org\",\"@graph\":[{\"@type\":\"WebPage\",\"@id\":\"https:\/\/spiderwebsandfoam.com\/music\/\",\"url\":\"https:\/\/spiderwebsandfoam.com\/music\/\",\"name\":\"Releases | Spiderwebs &amp; Foam\",\"isPartOf\":{\"@id\":\"https:\/\/spiderwebsandfoam.com\/#website\"},\"datePublished\":\"2024-03-22T09:07:41+00:00\",\"dateModified\":\"2025-06-01T15:18:55+00:00\",\"breadcrumb\":{\"@id\":\"https:\/\/spiderwebsandfoam.com\/music\/#breadcrumb\"},\"inLanguage\":\"en-US\",\"potentialAction\":[{\"@type\":\"ReadAction\",\"target\":[\"https:\/\/spiderwebsandfoam.com\/music\/\"]}]},{\"@type\":\"BreadcrumbList\",\"@id\":\"https:\/\/spiderwebsandfoam.com\/music\/#breadcrumb\",\"itemListElement\":[{\"@type\":\"ListItem\",\"position\":1,\"name\":\"Startseite\",\"item\":\"https:\/\/spiderwebsandfoam.com\/\"},{\"@type\":\"ListItem\",\"position\":2,\"name\":\"Releases\"}]},{\"@type\":\"WebSite\",\"@id\":\"https:\/\/spiderwebsandfoam.com\/#website\",\"url\":\"https:\/\/spiderwebsandfoam.com\/\",\"name\":\"Spiderwebs &amp; Foam\",\"description\":\"\",\"potentialAction\":[{\"@type\":\"SearchAction\",\"target\":{\"@type\":\"EntryPoint\",\"urlTemplate\":\"https:\/\/spiderwebsandfoam.com\/?s={search_term_string}\"},\"query-input\":{\"@type\":\"PropertyValueSpecification\",\"valueRequired\":true,\"valueName\":\"search_term_string\"}}],\"inLanguage\":\"en-US\"}]}<\/script>\n<!-- \/ Yoast SEO plugin. -->","yoast_head_json":{"title":"Releases | Spiderwebs &amp; Foam","robots":{"index":"index","follow":"follow","max-snippet":"max-snippet:-1","max-image-preview":"max-image-preview:large","max-video-preview":"max-video-preview:-1"},"canonical":"https:\/\/spiderwebsandfoam.com\/en\/music\/","og_locale":"en_US","og_type":"article","og_title":"Releases | Spiderwebs &amp; Foam","og_description":"Releases Music &amp; Lyrics &nbsp; Hier erfahrt ihr alles \u00fcber die ver\u00f6ffentlichte Musik von Spiderwebs &amp; Foam. Ihr k\u00f6nnt unsere Texte mitlesen, euch von den Artworks inspieren lassen und unsere Videos genie\u00dfen. Au\u00dferdem findet ihr alle Links zu euren Lieblingsplattformen. Viel Spa\u00df bei der Erkundungstour durch die Welt des Foam Rock!Something Sometime The Making Of [&hellip;]","og_url":"https:\/\/spiderwebsandfoam.com\/en\/music\/","og_site_name":"Spiderwebs &amp; Foam","article_modified_time":"2025-06-01T15:18:55+00:00","twitter_card":"summary_large_image","twitter_misc":{"Est. reading time":"1 minute"},"schema":{"@context":"https:\/\/schema.org","@graph":[{"@type":"WebPage","@id":"https:\/\/spiderwebsandfoam.com\/music\/","url":"https:\/\/spiderwebsandfoam.com\/music\/","name":"Releases | Spiderwebs &amp; Foam","isPartOf":{"@id":"https:\/\/spiderwebsandfoam.com\/#website"},"datePublished":"2024-03-22T09:07:41+00:00","dateModified":"2025-06-01T15:18:55+00:00","breadcrumb":{"@id":"https:\/\/spiderwebsandfoam.com\/music\/#breadcrumb"},"inLanguage":"en-US","potentialAction":[{"@type":"ReadAction","target":["https:\/\/spiderwebsandfoam.com\/music\/"]}]},{"@type":"BreadcrumbList","@id":"https:\/\/spiderwebsandfoam.com\/music\/#breadcrumb","itemListElement":[{"@type":"ListItem","position":1,"name":"Startseite","item":"https:\/\/spiderwebsandfoam.com\/"},{"@type":"ListItem","position":2,"name":"Releases"}]},{"@type":"WebSite","@id":"https:\/\/spiderwebsandfoam.com\/#website","url":"https:\/\/spiderwebsandfoam.com\/","name":"Spiderwebs &amp; Foam","description":"","potentialAction":[{"@type":"SearchAction","target":{"@type":"EntryPoint","urlTemplate":"https:\/\/spiderwebsandfoam.com\/?s={search_term_string}"},"query-input":{"@type":"PropertyValueSpecification","valueRequired":true,"valueName":"search_term_string"}}],"inLanguage":"en-US"}]}},"jetpack_sharing_enabled":true,"_links":{"self":[{"href":"https:\/\/spiderwebsandfoam.com\/en\/wp-json\/wp\/v2\/pages\/437","targetHints":{"allow":["GET"]}}],"collection":[{"href":"https:\/\/spiderwebsandfoam.com\/en\/wp-json\/wp\/v2\/pages"}],"about":[{"href":"https:\/\/spiderwebsandfoam.com\/en\/wp-json\/wp\/v2\/types\/page"}],"author":[{"embeddable":true,"href":"https:\/\/spiderwebsandfoam.com\/en\/wp-json\/wp\/v2\/users\/2"}],"replies":[{"embeddable":true,"href":"https:\/\/spiderwebsandfoam.com\/en\/wp-json\/wp\/v2\/comments?post=437"}],"version-history":[{"count":9,"href":"https:\/\/spiderwebsandfoam.com\/en\/wp-json\/wp\/v2\/pages\/437\/revisions"}],"predecessor-version":[{"id":2230,"href":"https:\/\/spiderwebsandfoam.com\/en\/wp-json\/wp\/v2\/pages\/437\/revisions\/2230"}],"wp:attachment":[{"href":"https:\/\/spiderwebsandfoam.com\/en\/wp-json\/wp\/v2\/media?parent=437"}],"curies":[{"name":"wp","href":"https:\/\/api.w.org\/{rel}","templated":true}]}}